{"id":142,"date":"2022-05-17T15:43:21","date_gmt":"2022-05-17T15:43:21","guid":{"rendered":"http:\/\/eletricaglobalmanfitec.com\/?page_id=142"},"modified":"2022-06-17T03:47:17","modified_gmt":"2022-06-17T03:47:17","slug":"perguntas-frequentes-faq","status":"publish","type":"page","link":"https:\/\/eletricaglobalmanfitec.com\/?page_id=142","title":{"rendered":"Perguntas Frequentes-FAQ"},"content":{"rendered":"\t\t<div data-elementor-type=\"wp-page\" data-elementor-id=\"142\" class=\"elementor elementor-142\" data-elementor-post-type=\"page\">\n\t\t\t\t\t\t<section class=\"elementor-section elementor-top-section elementor-element elementor-element-40afbd2 elementor-section-boxed elementor-section-height-default elementor-section-height-default\" data-id=\"40afbd2\" data-element_type=\"section\" data-e-type=\"section\">\n\t\t\t\t\t\t<div class=\"elementor-container elementor-column-gap-default\">\n\t\t\t\t\t<div class=\"elementor-column elementor-col-100 elementor-top-column elementor-element elementor-element-b4086f0\" data-id=\"b4086f0\" data-element_type=\"column\" data-e-type=\"column\">\n\t\t\t<div class=\"elementor-widget-wrap elementor-element-populated\">\n\t\t\t\t\t\t<div class=\"elementor-element elementor-element-08d0263 elementor-widget elementor-widget-text-editor\" data-id=\"08d0263\" data-element_type=\"widget\" data-e-type=\"widget\" data-widget_type=\"text-editor.default\">\n\t\t\t\t<div class=\"elementor-widget-container\">\n\t\t\t\t\t\t\t\t\t<h2>Telefones<\/h2><p>113603-0457 e 95658-4268<\/p><p>\u00a0<\/p><p>Rede social<\/p><p>@eletricaglobal (instagram)<\/p><p>@eletricaglobal (facebook)<\/p><p>Localiza\u00e7\u00e3o<\/p><p>Rua Agudos 543 -Rochdale\u00a0 &#8211; Osasco cep 06223-140<\/p><p>\u00a0<\/p><h2>Hor\u00e1rio de atendimento<\/h2><p>De segunda a sexte das 8:00 as 18:00<\/p><p>S\u00e1bado das 9:00 as 15:00<\/p><p>Nos feriados os hor\u00e1rios podem variar<\/p><p>\u00a0<\/p><h2>Forma de pagamento<\/h2><p>Cart\u00e3o de cr\u00e9dito\/d\u00e9bito;<\/p><p>Dinheiro, Pix<\/p>\t\t\t\t\t\t\t\t<\/div>\n\t\t\t\t<\/div>\n\t\t\t\t\t<\/div>\n\t\t<\/div>\n\t\t\t\t\t<\/div>\n\t\t<\/section>\n\t\t\t\t<\/div>\n\t\t","protected":false},"excerpt":{"rendered":"<p>Telefones 113603-0457 e 95658-4268 \u00a0 Rede social @eletricaglobal (instagram) @eletricaglobal (facebook) Localiza\u00e7\u00e3o Rua Agudos 543 -Rochdale\u00a0 &#8211; Osasco cep 06223-140 \u00a0 Hor\u00e1rio de atendimento De segunda a sexte das 8:00 as 18:00 S\u00e1bado das 9:00 as 15:00 Nos feriados os hor\u00e1rios podem variar \u00a0 Forma de pagamento Cart\u00e3o de cr\u00e9dito\/d\u00e9bito; Dinheiro, Pix<\/p>\n","protected":false},"author":1,"featured_media":0,"parent":0,"menu_order":0,"comment_status":"closed","ping_status":"closed","template":"","meta":{"footnotes":""},"class_list":["post-142","page","type-page","status-publish","hentry"],"aioseo_notices":[],"_links":{"self":[{"href":"https:\/\/eletricaglobalmanfitec.com\/index.php?rest_route=\/wp\/v2\/pages\/142","targetHints":{"allow":["GET"]}}],"collection":[{"href":"https:\/\/eletricaglobalmanfitec.com\/index.php?rest_route=\/wp\/v2\/pages"}],"about":[{"href":"https:\/\/eletricaglobalmanfitec.com\/index.php?rest_route=\/wp\/v2\/types\/page"}],"author":[{"embeddable":true,"href":"https:\/\/eletricaglobalmanfitec.com\/index.php?rest_route=\/wp\/v2\/users\/1"}],"replies":[{"embeddable":true,"href":"https:\/\/eletricaglobalmanfitec.com\/index.php?rest_route=%2Fwp%2Fv2%2Fcomments&post=142"}],"version-history":[{"count":4,"href":"https:\/\/eletricaglobalmanfitec.com\/index.php?rest_route=\/wp\/v2\/pages\/142\/revisions"}],"predecessor-version":[{"id":586,"href":"https:\/\/eletricaglobalmanfitec.com\/index.php?rest_route=\/wp\/v2\/pages\/142\/revisions\/586"}],"wp:attachment":[{"href":"https:\/\/eletricaglobalmanfitec.com\/index.php?rest_route=%2Fwp%2Fv2%2Fmedia&parent=142"}],"curies":[{"name":"wp","href":"https:\/\/api.w.org\/{rel}","templated":true}]}}