{"id":144,"date":"2022-05-17T15:49:12","date_gmt":"2022-05-17T15:49:12","guid":{"rendered":"http:\/\/eletricaglobalmanfitec.com\/?page_id=144"},"modified":"2022-05-17T15:55:56","modified_gmt":"2022-05-17T15:55:56","slug":"rastreamento","status":"publish","type":"page","link":"https:\/\/eletricaglobalmanfitec.com\/?page_id=144","title":{"rendered":"Rastreamento"},"content":{"rendered":"\t\t<div data-elementor-type=\"wp-page\" data-elementor-id=\"144\" class=\"elementor elementor-144\" data-elementor-post-type=\"page\">\n\t\t\t\t\t\t<section class=\"elementor-section elementor-top-section elementor-element elementor-element-a1e9d50 elementor-section-boxed elementor-section-height-default elementor-section-height-default\" data-id=\"a1e9d50\" data-element_type=\"section\" data-e-type=\"section\">\n\t\t\t\t\t\t<div class=\"elementor-container elementor-column-gap-default\">\n\t\t\t\t\t<div class=\"elementor-column elementor-col-100 elementor-top-column elementor-element elementor-element-c52a1d7\" data-id=\"c52a1d7\" data-element_type=\"column\" data-e-type=\"column\">\n\t\t\t<div class=\"elementor-widget-wrap elementor-element-populated\">\n\t\t\t\t\t\t<div class=\"elementor-element elementor-element-bbe2c2e elementor-widget elementor-widget-heading\" data-id=\"bbe2c2e\" data-element_type=\"widget\" data-e-type=\"widget\" data-widget_type=\"heading.default\">\n\t\t\t\t<div class=\"elementor-widget-container\">\n\t\t\t\t\t<h2 class=\"elementor-heading-title elementor-size-default\">Voc\u00ea possui um c\u00f3digo de rastreamento?<\/h2>\t\t\t\t<\/div>\n\t\t\t\t<\/div>\n\t\t\t\t\t<\/div>\n\t\t<\/div>\n\t\t\t\t\t<\/div>\n\t\t<\/section>\n\t\t\t\t<section class=\"elementor-section elementor-top-section elementor-element elementor-element-d4d1dec elementor-section-boxed elementor-section-height-default elementor-section-height-default\" data-id=\"d4d1dec\" data-element_type=\"section\" data-e-type=\"section\">\n\t\t\t\t\t\t<div class=\"elementor-container elementor-column-gap-default\">\n\t\t\t\t\t<div class=\"elementor-column elementor-col-100 elementor-top-column elementor-element elementor-element-d4118f7\" data-id=\"d4118f7\" data-element_type=\"column\" data-e-type=\"column\">\n\t\t\t<div class=\"elementor-widget-wrap elementor-element-populated\">\n\t\t\t\t\t\t<div class=\"elementor-element elementor-element-a8dc566 elementor-widget elementor-widget-html\" data-id=\"a8dc566\" data-element_type=\"widget\" data-e-type=\"widget\" data-widget_type=\"html.default\">\n\t\t\t\t<div class=\"elementor-widget-container\">\n\t\t\t\t\t<div id=\"rastreio\"><\/div> <script> var a = document.createElement(\"script\"); a.src = \"https:\/\/rastreio.ninja\/w\/app.js?v=\" + Date.now(); document.head.appendChild(a); <\/script>\t\t\t\t<\/div>\n\t\t\t\t<\/div>\n\t\t\t\t\t<\/div>\n\t\t<\/div>\n\t\t\t\t\t<\/div>\n\t\t<\/section>\n\t\t\t\t<section class=\"elementor-section elementor-top-section elementor-element elementor-element-5372933 elementor-section-boxed elementor-section-height-default elementor-section-height-default\" data-id=\"5372933\" data-element_type=\"section\" data-e-type=\"section\">\n\t\t\t\t\t\t<div class=\"elementor-container elementor-column-gap-default\">\n\t\t\t\t\t<div class=\"elementor-column elementor-col-100 elementor-top-column elementor-element elementor-element-0ea5488\" data-id=\"0ea5488\" data-element_type=\"column\" data-e-type=\"column\">\n\t\t\t<div class=\"elementor-widget-wrap elementor-element-populated\">\n\t\t\t\t\t\t<div class=\"elementor-element elementor-element-9211bf3 elementor-widget elementor-widget-heading\" data-id=\"9211bf3\" data-element_type=\"widget\" data-e-type=\"widget\" data-widget_type=\"heading.default\">\n\t\t\t\t<div class=\"elementor-widget-container\">\n\t\t\t\t\t<h2 class=\"elementor-heading-title elementor-size-default\">Voc\u00ea ainda n\u00e3o possui um c\u00f3digo de rastreamento?<\/h2>\t\t\t\t<\/div>\n\t\t\t\t<\/div>\n\t\t\t\t<div class=\"elementor-element elementor-element-17600c8 elementor-widget elementor-widget-text-editor\" data-id=\"17600c8\" data-element_type=\"widget\" data-e-type=\"widget\" data-widget_type=\"text-editor.default\">\n\t\t\t\t<div class=\"elementor-widget-container\">\n\t\t\t\t\t\t\t\t\t<p style=\"background: white; margin: 0cm 0cm 14.6pt 0cm;\"><span style=\"font-family: 'Arial',sans-serif; color: black;\">Fique tranquilo, o c\u00f3digo de rastreamento ser\u00e1\u00a0enviado automaticamente\u00a0para o seu e-mail em at\u00e9 5 dias \u00fateis ap\u00f3s a postagem do seu produto.\u00a0<\/span><\/p><p style=\"background: white; margin: 0cm 0cm 14.6pt 0cm;\"><span style=\"font-family: 'Arial',sans-serif; color: black;\">Caso voc\u00ea\u00a0<strong><span style=\"font-family: 'Arial',sans-serif;\">n\u00e3o tenha recebido<\/span><\/strong> o seu c\u00f3digo de rastreamento ap\u00f3s os 2 dias \u00fateis, mande um email para contato@eletricaglobalmanftec.com com a solicita\u00e7\u00e3o do seu rastreio.<\/span><\/p><p style=\"background: white; margin: 0cm 0cm 14.6pt 0cm;\"><span style=\"font-family: 'Arial',sans-serif; color: black;\">Lembramos que o prazo m\u00e9dio de entrega \u00e9 de 1 \u00e1 3 semanas.\u00a0<\/span><\/p><p style=\"margin: 0cm; background: white;\"><span style=\"font-family: 'Arial',sans-serif; color: black;\">Lembramos que \u00e9 essencial\u00a0<strong><span style=\"font-family: 'Arial',sans-serif;\">que<\/span><\/strong>\u00a0<strong><span style=\"font-family: 'Arial',sans-serif;\">voc\u00ea envie o seu n\u00famero de pedido\u00a0<\/span><\/strong>no e-mail, caso contr\u00e1rio n\u00e3o ser\u00e1 poss\u00edvel atender a sua solicita\u00e7\u00e3o.<\/span><\/p>\t\t\t\t\t\t\t\t<\/div>\n\t\t\t\t<\/div>\n\t\t\t\t\t<\/div>\n\t\t<\/div>\n\t\t\t\t\t<\/div>\n\t\t<\/section>\n\t\t\t\t<\/div>\n\t\t","protected":false},"excerpt":{"rendered":"<p>Voc\u00ea possui um c\u00f3digo de rastreamento? Voc\u00ea ainda n\u00e3o possui um c\u00f3digo de rastreamento? Fique tranquilo, o c\u00f3digo de rastreamento ser\u00e1\u00a0enviado automaticamente\u00a0para o seu e-mail em at\u00e9 5 dias \u00fateis ap\u00f3s a postagem do seu produto.\u00a0 Caso voc\u00ea\u00a0n\u00e3o tenha recebido o seu c\u00f3digo de rastreamento ap\u00f3s os 2 dias \u00fateis, mande um email para contato@eletricaglobalmanftec.com [&hellip;]<\/p>\n","protected":false},"author":1,"featured_media":0,"parent":0,"menu_order":0,"comment_status":"closed","ping_status":"closed","template":"","meta":{"footnotes":""},"class_list":["post-144","page","type-page","status-publish","hentry"],"aioseo_notices":[],"_links":{"self":[{"href":"https:\/\/eletricaglobalmanfitec.com\/index.php?rest_route=\/wp\/v2\/pages\/144","targetHints":{"allow":["GET"]}}],"collection":[{"href":"https:\/\/eletricaglobalmanfitec.com\/index.php?rest_route=\/wp\/v2\/pages"}],"about":[{"href":"https:\/\/eletricaglobalmanfitec.com\/index.php?rest_route=\/wp\/v2\/types\/page"}],"author":[{"embeddable":true,"href":"https:\/\/eletricaglobalmanfitec.com\/index.php?rest_route=\/wp\/v2\/users\/1"}],"replies":[{"embeddable":true,"href":"https:\/\/eletricaglobalmanfitec.com\/index.php?rest_route=%2Fwp%2Fv2%2Fcomments&post=144"}],"version-history":[{"count":7,"href":"https:\/\/eletricaglobalmanfitec.com\/index.php?rest_route=\/wp\/v2\/pages\/144\/revisions"}],"predecessor-version":[{"id":151,"href":"https:\/\/eletricaglobalmanfitec.com\/index.php?rest_route=\/wp\/v2\/pages\/144\/revisions\/151"}],"wp:attachment":[{"href":"https:\/\/eletricaglobalmanfitec.com\/index.php?rest_route=%2Fwp%2Fv2%2Fmedia&parent=144"}],"curies":[{"name":"wp","href":"https:\/\/api.w.org\/{rel}","templated":true}]}}