{"id":1576,"date":"2025-10-07T19:05:59","date_gmt":"2025-10-07T19:05:59","guid":{"rendered":"https:\/\/eletricaglobalmanfitec.com\/?page_id=1576"},"modified":"2025-10-07T19:17:13","modified_gmt":"2025-10-07T19:17:13","slug":"chekout","status":"publish","type":"page","link":"https:\/\/eletricaglobalmanfitec.com\/?page_id=1576","title":{"rendered":"chekout"},"content":{"rendered":"\t\t<div data-elementor-type=\"wp-page\" data-elementor-id=\"1576\" class=\"elementor elementor-1576\" data-elementor-post-type=\"page\">\n\t\t\t\t\t\t<section class=\"elementor-section elementor-top-section elementor-element elementor-element-d70f260 elementor-section-boxed elementor-section-height-default elementor-section-height-default\" data-id=\"d70f260\" data-element_type=\"section\" data-e-type=\"section\">\n\t\t\t\t\t\t<div class=\"elementor-container elementor-column-gap-default\">\n\t\t\t\t\t<div class=\"elementor-column elementor-col-100 elementor-top-column elementor-element elementor-element-7353dc4\" data-id=\"7353dc4\" data-element_type=\"column\" data-e-type=\"column\">\n\t\t\t<div class=\"elementor-widget-wrap elementor-element-populated\">\n\t\t\t\t\t\t<div class=\"elementor-element elementor-element-d3098b5 e-checkout-layout-two-column elementor-widget elementor-widget-woocommerce-checkout-page\" data-id=\"d3098b5\" data-element_type=\"widget\" data-e-type=\"widget\" data-widget_type=\"woocommerce-checkout-page.default\">\n\t\t\t\t<div class=\"elementor-widget-container\">\n\t\t\t\t\t<div class=\"woocommerce\"><div class=\"woocommerce-notices-wrapper\"><\/div><\/div>\t\t\t\t<\/div>\n\t\t\t\t<\/div>\n\t\t\t\t\t<\/div>\n\t\t<\/div>\n\t\t\t\t\t<\/div>\n\t\t<\/section>\n\t\t\t\t<\/div>\n\t\t","protected":false},"excerpt":{"rendered":"<p>Dados do Cliente Nome &nbsp;* Sobre nome&nbsp;* Nome da Empresa&nbsp;(opcional) Pa\u00eds&nbsp;*Selecione um pa\u00eds&hellip;Afeganist\u00e3o\u00c1frica do SulAlb\u00e2niaAlemanhaAndorraAngolaAnguillaAnt\u00e1rticaAnt\u00edgua e BarbudaAr\u00e1bia SauditaArg\u00e9liaArgentinaArm\u00eaniaArubaAustr\u00e1lia\u00c1ustriaAzerbaij\u00e3oBahamasBangladeshBarbadosBar\u00e9mBelauB\u00e9lgicaBelizeBenimBermudasBielorr\u00fassiaBol\u00edviaBonaire, Santo Eust\u00e1quio e SabaB\u00f3snia e HerzegovinaBotsuanaBrasilBruneiBulg\u00e1riaBurquina FassoBur\u00fandiBut\u00e3oCabo VerdeCamar\u00f5esCambojaCanad\u00e1CatarCazaquist\u00e3oChadeChileChinaChipreCingapuraCol\u00f4mbiaComoresComunidade das Ilhas Marianas SetentrionaisCongo (Brazzaville)Congo (Kinshasa)Cor\u00e9ia do NorteCor\u00e9ia do SulCosta do MarfimCosta RicaCro\u00e1ciaCubaCura&ccedil;aoDinamarcaDjiboutiDominicaEgitoEl SalvadorEmirados \u00c1rabes UnidosEquadorEritreiaEslov\u00e1quiaEsloveniaEspanhaEstados UnidosEst\u00f4niaEswatiniEti\u00f3piaFijiFilipinasFinl\u00e2ndiaFran\u00e7aGab\u00e3oG\u00e2mbiaGanaGe\u00f3rgiaGibraltarGranadaGr\u00e9ciaGroenl\u00e2ndiaGuadalupeGuamGuatemalaGuernseyGuianaGuiana FrancesaGuin\u00e9Guin\u00e9 EquatorialGuin\u00e9-BissauHaitiHolandaHondurasHong KongHungriaI\u00e9menIlha BouvetIlha ChristmasIlha de ManIlha de S\u00e3o Martinho (Rep\u00fablica Francesa)Ilha [&hellip;]<\/p>\n","protected":false},"author":1,"featured_media":0,"parent":0,"menu_order":0,"comment_status":"closed","ping_status":"closed","template":"","meta":{"footnotes":""},"class_list":["post-1576","page","type-page","status-publish","hentry"],"aioseo_notices":[],"_links":{"self":[{"href":"https:\/\/eletricaglobalmanfitec.com\/index.php?rest_route=\/wp\/v2\/pages\/1576","targetHints":{"allow":["GET"]}}],"collection":[{"href":"https:\/\/eletricaglobalmanfitec.com\/index.php?rest_route=\/wp\/v2\/pages"}],"about":[{"href":"https:\/\/eletricaglobalmanfitec.com\/index.php?rest_route=\/wp\/v2\/types\/page"}],"author":[{"embeddable":true,"href":"https:\/\/eletricaglobalmanfitec.com\/index.php?rest_route=\/wp\/v2\/users\/1"}],"replies":[{"embeddable":true,"href":"https:\/\/eletricaglobalmanfitec.com\/index.php?rest_route=%2Fwp%2Fv2%2Fcomments&post=1576"}],"version-history":[{"count":10,"href":"https:\/\/eletricaglobalmanfitec.com\/index.php?rest_route=\/wp\/v2\/pages\/1576\/revisions"}],"predecessor-version":[{"id":1588,"href":"https:\/\/eletricaglobalmanfitec.com\/index.php?rest_route=\/wp\/v2\/pages\/1576\/revisions\/1588"}],"wp:attachment":[{"href":"https:\/\/eletricaglobalmanfitec.com\/index.php?rest_route=%2Fwp%2Fv2%2Fmedia&parent=1576"}],"curies":[{"name":"wp","href":"https:\/\/api.w.org\/{rel}","templated":true}]}}