{"id":2,"date":"2022-05-11T15:35:57","date_gmt":"2022-05-11T15:35:57","guid":{"rendered":"http:\/\/eletricaglobalmanfitec.com\/?page_id=2"},"modified":"2022-06-17T03:45:06","modified_gmt":"2022-06-17T03:45:06","slug":"envio","status":"publish","type":"page","link":"https:\/\/eletricaglobalmanfitec.com\/?page_id=2","title":{"rendered":"Pol\u00edtica de Envio e Entrega"},"content":{"rendered":"\t\t<div data-elementor-type=\"wp-page\" data-elementor-id=\"2\" class=\"elementor elementor-2\" data-elementor-post-type=\"page\">\n\t\t\t\t\t\t<section class=\"elementor-section elementor-top-section elementor-element elementor-element-2893368e elementor-section-boxed elementor-section-height-default elementor-section-height-default\" data-id=\"2893368e\" data-element_type=\"section\" data-e-type=\"section\">\n\t\t\t\t\t\t<div class=\"elementor-container elementor-column-gap-default\">\n\t\t\t\t\t<div class=\"elementor-column elementor-col-100 elementor-top-column elementor-element elementor-element-2365a7fa\" data-id=\"2365a7fa\" data-element_type=\"column\" data-e-type=\"column\">\n\t\t\t<div class=\"elementor-widget-wrap elementor-element-populated\">\n\t\t\t\t\t\t<div class=\"elementor-element elementor-element-48469bc1 elementor-widget elementor-widget-text-editor\" data-id=\"48469bc1\" data-element_type=\"widget\" data-e-type=\"widget\" data-widget_type=\"text-editor.default\">\n\t\t\t\t<div class=\"elementor-widget-container\">\n\t\t\t\t\t\t\t\t\t<p>Durante o processo de Compra, na Global Manfitec informar\u00e1 ao Cliente uma estimativa de prazo para a entrega dos Produtos. Essa estimativa leva em conta os produtos adquiridos, as suas quantidades, o estoque dispon\u00edvel e a dist\u00e2ncia entre o remetente e o endere\u00e7o de entrega informado pelo Cliente. O prazo de entrega ser\u00e1 contado a partir da data de aprova\u00e7\u00e3o do pedido, que pode ocorrer em at\u00e9 3 (tr\u00eas) dias \u00fateis para pagamentos com cart\u00e3o de cr\u00e9dito ou 2 a 3 dias \u00fateis para compras feitas com boleto.<\/p>\n<p>\u00a0<\/p>\n<p>\u00a0<\/p>\n<h3><strong>Valor do frete<\/strong><\/h3>\n<p>O valor do frete para a entrega dos produtos \u00e9 calculado automaticamente pelo Site no momento da Compra, a partir do peso, volume e quantidade dos produtos adquiridos, assim como da dist\u00e2ncia entre nossos centros de distribui\u00e7\u00e3o e o local de entrega informado pelo Cliente.<\/p>\n<p>\u00a0<\/p>\n<h3><strong>Tentativas de entrega<\/strong><\/h3>\n<p>A Global Manfitec entregar\u00e1 os Produtos adquiridos, no prazo estabelecido e no endere\u00e7o informado pelo Cliente. Caso n\u00e3o seja poss\u00edvel a Global Manfitec realizar a entrega dos Produtos por aus\u00eancia do Cliente, de pessoa autorizada, por restri\u00e7\u00f5es de hor\u00e1rio do condom\u00ednio ou por limita\u00e7\u00f5es f\u00edsicas que impe\u00e7am a entrega ou, ainda, por erro do Cliente em indicar o local correto da entrega no ato da compra dos Produtos, a Global Manfitec far\u00e1 mais duas tentativas subsequentes. Caso as tr\u00eas tentativas de entrega fracassem, os produtos adquiridos ser\u00e3o devolvidos na nossa central, o pedido ser\u00e1 cancelado e o reembolso ocorrer\u00e1 nos mesmos termos previstos na Pol\u00edtica de Trocas e Devolu\u00e7\u00f5es.<\/p>\t\t\t\t\t\t\t\t<\/div>\n\t\t\t\t<\/div>\n\t\t\t\t\t<\/div>\n\t\t<\/div>\n\t\t\t\t\t<\/div>\n\t\t<\/section>\n\t\t\t\t<\/div>\n\t\t","protected":false},"excerpt":{"rendered":"<p>Durante o processo de Compra, na Global Manfitec informar\u00e1 ao Cliente uma estimativa de prazo para a entrega dos Produtos. Essa estimativa leva em conta os produtos adquiridos, as suas quantidades, o estoque dispon\u00edvel e a dist\u00e2ncia entre o remetente e o endere\u00e7o de entrega informado pelo Cliente. O prazo de entrega ser\u00e1 contado a [&hellip;]<\/p>\n","protected":false},"author":1,"featured_media":0,"parent":0,"menu_order":0,"comment_status":"closed","ping_status":"closed","template":"","meta":{"footnotes":""},"class_list":["post-2","page","type-page","status-publish","hentry"],"aioseo_notices":[],"_links":{"self":[{"href":"https:\/\/eletricaglobalmanfitec.com\/index.php?rest_route=\/wp\/v2\/pages\/2","targetHints":{"allow":["GET"]}}],"collection":[{"href":"https:\/\/eletricaglobalmanfitec.com\/index.php?rest_route=\/wp\/v2\/pages"}],"about":[{"href":"https:\/\/eletricaglobalmanfitec.com\/index.php?rest_route=\/wp\/v2\/types\/page"}],"author":[{"embeddable":true,"href":"https:\/\/eletricaglobalmanfitec.com\/index.php?rest_route=\/wp\/v2\/users\/1"}],"replies":[{"embeddable":true,"href":"https:\/\/eletricaglobalmanfitec.com\/index.php?rest_route=%2Fwp%2Fv2%2Fcomments&post=2"}],"version-history":[{"count":4,"href":"https:\/\/eletricaglobalmanfitec.com\/index.php?rest_route=\/wp\/v2\/pages\/2\/revisions"}],"predecessor-version":[{"id":582,"href":"https:\/\/eletricaglobalmanfitec.com\/index.php?rest_route=\/wp\/v2\/pages\/2\/revisions\/582"}],"wp:attachment":[{"href":"https:\/\/eletricaglobalmanfitec.com\/index.php?rest_route=%2Fwp%2Fv2%2Fmedia&parent=2"}],"curies":[{"name":"wp","href":"https:\/\/api.w.org\/{rel}","templated":true}]}}